{"id":919,"date":"2023-09-18T16:27:15","date_gmt":"2023-09-18T13:27:15","guid":{"rendered":"https:\/\/dge.ee\/licences-and-registrations\/"},"modified":"2026-03-26T13:06:21","modified_gmt":"2026-03-26T11:06:21","slug":"licences-and-registrations","status":"publish","type":"page","link":"https:\/\/dge.ee\/en\/about-us\/licences-and-registrations\/","title":{"rendered":"Licences and Registrations"},"content":{"rendered":"<h2>Registrations<\/h2>\n<p>Registration code in the Business Register: 10269950<br \/>\nRegister number for value added tax liability: 100039285<\/p>\n<p><a href=\"https:\/\/dge.ee\/wp-content\/uploads\/2023\/10\/jaak_jarvekulg_sustainable_pro.jpg\" target=\"_blank\" rel=\"noopener\">Sustainability Expert-Green Building Professional (Sustainable Pro), accredited by Estonian Green Building Council<\/a><\/p>\n<h2>Licences<\/h2>\n<h3>Environmental Impact Assessment<\/h3>\n<ul>\n<li><a href=\"https:\/\/dge.ee\/wp-content\/uploads\/2024\/02\/Keskkonnamoju-hindamise-litsents-nr-KMH0162.pdf\" target=\"_blank\" rel=\"noopener\">Jaak J\u00e4rvek\u00fclg, KMH0162, valid 25.10.2029<\/a><\/li>\n<li><a href=\"https:\/\/dge.ee\/wp-content\/uploads\/2023\/10\/KMH_litsents_KMH0155_Ruut.pdf\" target=\"_blank\" rel=\"noopener\">Juhan Ruut, KMH0155, valid 15.12.2026<\/a><\/li>\n<li><a href=\"https:\/\/dge.ee\/wp-content\/uploads\/2024\/02\/Keskkonnamoju-hindamise-litsents-nr-KMH0158.pdf\" target=\"_blank\" rel=\"noopener\">Krista Lahtvee, KMH0158, valid 25.02.2027<\/a><\/li>\n<li><a href=\"https:\/\/dge.ee\/wp-content\/uploads\/2024\/03\/Keskkonnamoju-hindamise-litsents-nr-KMH0165.pdf\" target=\"_blank\" rel=\"noopener\">Katri J\u00e4rvek\u00fclg, KMH0165, valid 21.02.2031<\/a><\/li>\n<li><a href=\"https:\/\/dge.ee\/wp-content\/uploads\/2024\/12\/Keskkonnamoju-hindamise-litsents-nr-KMH0168.pdf\">Ingrid Vinn, KMH0168, valid 20.11.2031<\/a><\/li>\n<\/ul>\n<h3>Heritage conservation<\/h3>\n<p>Certificate of competence No. PT 373\/2008, valid until 11 November 2030. Areas of activity: in the field of landscape architecture, preparation of heritage protection special conditions for planning procedures. Monuments \/ protected heritage objects: historical monuments, World Heritage property, heritage conservation area, historical natural sacred site, and built heritage monuments. <strong>Certificate holder: Merlin Kalle.<\/strong><\/p>\n<h3>Professional Certificates for Planners<\/h3>\n<ul>\n<li>Merlin Kalle, Professional certificate for planners no 163361, valid until 03.11.2027<\/li>\n<li>Pille Metspalu, Professional certificate for planners no 163362, valid until 03.11.2027<\/li>\n<li>Marika P\u00e4rn, Professional certificate for planners no 202000, valid until 22.10.2030<\/li>\n<li>Liisi Ventsel, Professional certificate for planners no 176298, valid until 04.11.2028<\/li>\n<\/ul>\n","protected":false},"excerpt":{"rendered":"<p>Registrations Registration code in the Business Register: 10269950 Register number for value added tax liability: 100039285 Sustainability Expert-Green Building Professional (Sustainable Pro), accredited by Estonian Green Building Council Licences Environmental Impact Assessment Jaak J\u00e4rvek\u00fclg, KMH0162, valid 25.10.2029 Juhan Ruut, KMH0155, valid 15.12.2026 Krista Lahtvee, KMH0158, valid 25.02.2027 Katri J\u00e4rvek\u00fclg, KMH0165, valid 21.02.2031 Ingrid Vinn, KMH0168, valid 20.11.2031 Heritage conservation Certificate of competence No.  [&#8230;]<\/p>\n","protected":false},"author":1,"featured_media":0,"parent":922,"menu_order":0,"comment_status":"closed","ping_status":"closed","template":"","meta":{"footnotes":""},"class_list":["post-919","page","type-page","status-publish","hentry"],"yoast_head":"<!-- This site is optimized with the Yoast SEO plugin v27.3 - https:\/\/yoast.com\/product\/yoast-seo-wordpress\/ -->\n<title>Licences and Registrations - Hendrikson DGE<\/title>\n<meta name=\"robots\" content=\"index, follow, max-snippet:-1, max-image-preview:large, max-video-preview:-1\" \/>\n<link rel=\"canonical\" href=\"https:\/\/dge.ee\/en\/about-us\/licences-and-registrations\/\" \/>\n<meta property=\"og:locale\" content=\"en_US\" \/>\n<meta property=\"og:type\" content=\"article\" \/>\n<meta property=\"og:title\" content=\"Licences and Registrations - Hendrikson DGE\" \/>\n<meta property=\"og:description\" content=\"Registrations Registration code in the Business Register: 10269950 Register number for value added tax liability: 100039285 Sustainability Expert-Green Building Professional (Sustainable Pro), accredited by Estonian Green Building Council Licences Environmental Impact Assessment Jaak J\u00e4rvek\u00fclg, KMH0162, valid 25.10.2029 Juhan Ruut, KMH0155, valid 15.12.2026 Krista Lahtvee, KMH0158, valid 25.02.2027 Katri J\u00e4rvek\u00fclg, KMH0165, valid 21.02.2031 Ingrid Vinn, KMH0168, valid 20.11.2031 Heritage conservation Certificate of competence No. [...]\" \/>\n<meta property=\"og:url\" content=\"https:\/\/dge.ee\/en\/about-us\/licences-and-registrations\/\" \/>\n<meta property=\"og:site_name\" content=\"Hendrikson DGE\" \/>\n<meta property=\"article:modified_time\" content=\"2026-03-26T11:06:21+00:00\" \/>\n<meta name=\"twitter:card\" content=\"summary_large_image\" \/>\n<meta name=\"twitter:label1\" content=\"Est. reading time\" \/>\n\t<meta name=\"twitter:data1\" content=\"1 minute\" \/>\n<script type=\"application\/ld+json\" class=\"yoast-schema-graph\">{\"@context\":\"https:\\\/\\\/schema.org\",\"@graph\":[{\"@type\":\"WebPage\",\"@id\":\"https:\\\/\\\/dge.ee\\\/en\\\/about-us\\\/licences-and-registrations\\\/\",\"url\":\"https:\\\/\\\/dge.ee\\\/en\\\/about-us\\\/licences-and-registrations\\\/\",\"name\":\"Licences and Registrations - Hendrikson DGE\",\"isPartOf\":{\"@id\":\"https:\\\/\\\/dge.ee\\\/#website\"},\"datePublished\":\"2023-09-18T13:27:15+00:00\",\"dateModified\":\"2026-03-26T11:06:21+00:00\",\"breadcrumb\":{\"@id\":\"https:\\\/\\\/dge.ee\\\/en\\\/about-us\\\/licences-and-registrations\\\/#breadcrumb\"},\"inLanguage\":\"en-US\",\"potentialAction\":[{\"@type\":\"ReadAction\",\"target\":[\"https:\\\/\\\/dge.ee\\\/en\\\/about-us\\\/licences-and-registrations\\\/\"]}]},{\"@type\":\"BreadcrumbList\",\"@id\":\"https:\\\/\\\/dge.ee\\\/en\\\/about-us\\\/licences-and-registrations\\\/#breadcrumb\",\"itemListElement\":[{\"@type\":\"ListItem\",\"position\":1,\"name\":\"Home\",\"item\":\"https:\\\/\\\/dge.ee\\\/en\\\/\"},{\"@type\":\"ListItem\",\"position\":2,\"name\":\"About Us\",\"item\":\"https:\\\/\\\/dge.ee\\\/ettevottest\\\/\"},{\"@type\":\"ListItem\",\"position\":3,\"name\":\"Licences and Registrations\"}]},{\"@type\":\"WebSite\",\"@id\":\"https:\\\/\\\/dge.ee\\\/#website\",\"url\":\"https:\\\/\\\/dge.ee\\\/\",\"name\":\"Hendrikson DGE\",\"description\":\"Hendrikson DGE\",\"publisher\":{\"@id\":\"https:\\\/\\\/dge.ee\\\/#organization\"},\"potentialAction\":[{\"@type\":\"SearchAction\",\"target\":{\"@type\":\"EntryPoint\",\"urlTemplate\":\"https:\\\/\\\/dge.ee\\\/?s={search_term_string}\"},\"query-input\":{\"@type\":\"PropertyValueSpecification\",\"valueRequired\":true,\"valueName\":\"search_term_string\"}}],\"inLanguage\":\"en-US\"},{\"@type\":\"Organization\",\"@id\":\"https:\\\/\\\/dge.ee\\\/#organization\",\"name\":\"Hendrikson & Ko O\u00dc\",\"url\":\"https:\\\/\\\/dge.ee\\\/\",\"logo\":{\"@type\":\"ImageObject\",\"inLanguage\":\"en-US\",\"@id\":\"https:\\\/\\\/dge.ee\\\/#\\\/schema\\\/logo\\\/image\\\/\",\"url\":\"https:\\\/\\\/dge.ee\\\/wp-content\\\/uploads\\\/2023\\\/09\\\/HDGE-LOGO-480.png\",\"contentUrl\":\"https:\\\/\\\/dge.ee\\\/wp-content\\\/uploads\\\/2023\\\/09\\\/HDGE-LOGO-480.png\",\"width\":480,\"height\":110,\"caption\":\"Hendrikson & Ko O\u00dc\"},\"image\":{\"@id\":\"https:\\\/\\\/dge.ee\\\/#\\\/schema\\\/logo\\\/image\\\/\"}}]}<\/script>\n<!-- \/ Yoast SEO plugin. -->","yoast_head_json":{"title":"Licences and Registrations - Hendrikson DGE","robots":{"index":"index","follow":"follow","max-snippet":"max-snippet:-1","max-image-preview":"max-image-preview:large","max-video-preview":"max-video-preview:-1"},"canonical":"https:\/\/dge.ee\/en\/about-us\/licences-and-registrations\/","og_locale":"en_US","og_type":"article","og_title":"Licences and Registrations - Hendrikson DGE","og_description":"Registrations Registration code in the Business Register: 10269950 Register number for value added tax liability: 100039285 Sustainability Expert-Green Building Professional (Sustainable Pro), accredited by Estonian Green Building Council Licences Environmental Impact Assessment Jaak J\u00e4rvek\u00fclg, KMH0162, valid 25.10.2029 Juhan Ruut, KMH0155, valid 15.12.2026 Krista Lahtvee, KMH0158, valid 25.02.2027 Katri J\u00e4rvek\u00fclg, KMH0165, valid 21.02.2031 Ingrid Vinn, KMH0168, valid 20.11.2031 Heritage conservation Certificate of competence No. [...]","og_url":"https:\/\/dge.ee\/en\/about-us\/licences-and-registrations\/","og_site_name":"Hendrikson DGE","article_modified_time":"2026-03-26T11:06:21+00:00","twitter_card":"summary_large_image","twitter_misc":{"Est. reading time":"1 minute"},"schema":{"@context":"https:\/\/schema.org","@graph":[{"@type":"WebPage","@id":"https:\/\/dge.ee\/en\/about-us\/licences-and-registrations\/","url":"https:\/\/dge.ee\/en\/about-us\/licences-and-registrations\/","name":"Licences and Registrations - Hendrikson DGE","isPartOf":{"@id":"https:\/\/dge.ee\/#website"},"datePublished":"2023-09-18T13:27:15+00:00","dateModified":"2026-03-26T11:06:21+00:00","breadcrumb":{"@id":"https:\/\/dge.ee\/en\/about-us\/licences-and-registrations\/#breadcrumb"},"inLanguage":"en-US","potentialAction":[{"@type":"ReadAction","target":["https:\/\/dge.ee\/en\/about-us\/licences-and-registrations\/"]}]},{"@type":"BreadcrumbList","@id":"https:\/\/dge.ee\/en\/about-us\/licences-and-registrations\/#breadcrumb","itemListElement":[{"@type":"ListItem","position":1,"name":"Home","item":"https:\/\/dge.ee\/en\/"},{"@type":"ListItem","position":2,"name":"About Us","item":"https:\/\/dge.ee\/ettevottest\/"},{"@type":"ListItem","position":3,"name":"Licences and Registrations"}]},{"@type":"WebSite","@id":"https:\/\/dge.ee\/#website","url":"https:\/\/dge.ee\/","name":"Hendrikson DGE","description":"Hendrikson DGE","publisher":{"@id":"https:\/\/dge.ee\/#organization"},"potentialAction":[{"@type":"SearchAction","target":{"@type":"EntryPoint","urlTemplate":"https:\/\/dge.ee\/?s={search_term_string}"},"query-input":{"@type":"PropertyValueSpecification","valueRequired":true,"valueName":"search_term_string"}}],"inLanguage":"en-US"},{"@type":"Organization","@id":"https:\/\/dge.ee\/#organization","name":"Hendrikson & Ko O\u00dc","url":"https:\/\/dge.ee\/","logo":{"@type":"ImageObject","inLanguage":"en-US","@id":"https:\/\/dge.ee\/#\/schema\/logo\/image\/","url":"https:\/\/dge.ee\/wp-content\/uploads\/2023\/09\/HDGE-LOGO-480.png","contentUrl":"https:\/\/dge.ee\/wp-content\/uploads\/2023\/09\/HDGE-LOGO-480.png","width":480,"height":110,"caption":"Hendrikson & Ko O\u00dc"},"image":{"@id":"https:\/\/dge.ee\/#\/schema\/logo\/image\/"}}]}},"_links":{"self":[{"href":"https:\/\/dge.ee\/en\/wp-json\/wp\/v2\/pages\/919","targetHints":{"allow":["GET"]}}],"collection":[{"href":"https:\/\/dge.ee\/en\/wp-json\/wp\/v2\/pages"}],"about":[{"href":"https:\/\/dge.ee\/en\/wp-json\/wp\/v2\/types\/page"}],"author":[{"embeddable":true,"href":"https:\/\/dge.ee\/en\/wp-json\/wp\/v2\/users\/1"}],"replies":[{"embeddable":true,"href":"https:\/\/dge.ee\/en\/wp-json\/wp\/v2\/comments?post=919"}],"version-history":[{"count":8,"href":"https:\/\/dge.ee\/en\/wp-json\/wp\/v2\/pages\/919\/revisions"}],"predecessor-version":[{"id":4581,"href":"https:\/\/dge.ee\/en\/wp-json\/wp\/v2\/pages\/919\/revisions\/4581"}],"up":[{"embeddable":true,"href":"https:\/\/dge.ee\/en\/wp-json\/wp\/v2\/pages\/922"}],"wp:attachment":[{"href":"https:\/\/dge.ee\/en\/wp-json\/wp\/v2\/media?parent=919"}],"curies":[{"name":"wp","href":"https:\/\/api.w.org\/{rel}","templated":true}]}}