{"id":975,"date":"2023-09-19T13:30:48","date_gmt":"2023-09-19T10:30:48","guid":{"rendered":"https:\/\/dge.ee\/our-people\/juhan-ruut\/"},"modified":"2024-02-09T11:10:48","modified_gmt":"2024-02-09T09:10:48","slug":"juhan-ruut","status":"publish","type":"page","link":"https:\/\/dge.ee\/en\/our-people\/juhan-ruut\/","title":{"rendered":"Juhan Ruut"},"content":{"rendered":"<div class=\"fusion-fullwidth fullwidth-box fusion-builder-row-1 fusion-flex-container gradient-container-1 nonhundred-percent-fullwidth non-hundred-percent-height-scrolling\" style=\"--awb-border-radius-top-left:0px;--awb-border-radius-top-right:0px;--awb-border-radius-bottom-right:0px;--awb-border-radius-bottom-left:0px;--awb-flex-wrap:wrap;\" ><div class=\"fusion-builder-row fusion-row fusion-flex-align-items-flex-start fusion-flex-content-wrap\" style=\"max-width:1404px;margin-left: calc(-4% \/ 2 );margin-right: calc(-4% \/ 2 );\"><div class=\"fusion-layout-column fusion_builder_column fusion-builder-column-0 fusion_builder_column_1_3 1_3 fusion-flex-column\" style=\"--awb-bg-size:cover;--awb-width-large:33.333333333333%;--awb-margin-top-large:0px;--awb-spacing-right-large:3.84%;--awb-margin-bottom-large:0px;--awb-spacing-left-large:5.76%;--awb-width-medium:33.333333333333%;--awb-spacing-right-medium:3.84%;--awb-spacing-left-medium:5.76%;--awb-width-small:100%;--awb-spacing-right-small:1.92%;--awb-spacing-left-small:1.92%;\"><div class=\"fusion-column-wrapper fusion-flex-justify-content-flex-start fusion-content-layout-column\"><div class=\"fusion-image-element \" style=\"--awb-caption-title-font-family:var(--h2_typography-font-family);--awb-caption-title-font-weight:var(--h2_typography-font-weight);--awb-caption-title-font-style:var(--h2_typography-font-style);--awb-caption-title-size:var(--h2_typography-font-size);--awb-caption-title-transform:var(--h2_typography-text-transform);--awb-caption-title-line-height:var(--h2_typography-line-height);--awb-caption-title-letter-spacing:var(--h2_typography-letter-spacing);\"><span class=\" fusion-imageframe imageframe-none imageframe-1 hover-type-none\"><img decoding=\"async\" width=\"600\" height=\"400\" title=\"Juhan-Ruut-1\" src=\"https:\/\/dge.ee\/wp-content\/uploads\/2023\/09\/Juhan-Ruut-1.jpg\" alt class=\"img-responsive wp-image-676\" srcset=\"https:\/\/dge.ee\/wp-content\/uploads\/2023\/09\/Juhan-Ruut-1-200x133.jpg 200w, https:\/\/dge.ee\/wp-content\/uploads\/2023\/09\/Juhan-Ruut-1-400x267.jpg 400w, https:\/\/dge.ee\/wp-content\/uploads\/2023\/09\/Juhan-Ruut-1.jpg 600w\" sizes=\"(max-width: 640px) 100vw, 600px\" \/><\/span><\/div><\/div><\/div><div class=\"fusion-layout-column fusion_builder_column fusion-builder-column-1 fusion_builder_column_2_3 2_3 fusion-flex-column\" style=\"--awb-bg-size:cover;--awb-width-large:66.666666666667%;--awb-margin-top-large:0px;--awb-spacing-right-large:2.88%;--awb-margin-bottom-large:0px;--awb-spacing-left-large:3.84%;--awb-width-medium:66.666666666667%;--awb-spacing-right-medium:2.88%;--awb-spacing-left-medium:3.84%;--awb-width-small:100%;--awb-spacing-right-small:1.92%;--awb-spacing-left-small:1.92%;\"><div class=\"fusion-column-wrapper fusion-flex-justify-content-flex-start fusion-content-layout-column\"><div class=\"fusion-text fusion-text-1\"><div class=\"contact-methods\">\n<div class=\"contact-methods\">\n<p>Phone:\u00a0<a class=\"d-inline-flex flex-wrap align-items-center\" href=\"tel:+3725516423\">+372 551 6423<\/a><\/p>\n<p>E-mail:\u00a0<a class=\"d-inline-flex flex-wrap align-items-center\" href=\"mailto:juhan@dge.ee\">juhan@dge.ee<\/a><\/p>\n<\/div>\n<div class=\"editor-content\">\n<p>Environmental Expert (EIA licence No: KMH0155)<\/p>\n<\/div>\n<\/div>\n<\/div><div class=\"fusion-text fusion-text-2\"><p>Olen l\u00f5petanud Tartu \u00dclikooli keemikuna (keskkonnakeemia suunal), seej\u00e4rel omandasin magistrikraadi keskkonnakorralduses. Lisaks olen teadmisi t\u00e4iendanud erinevatel t\u00e4ienduskoolitusel, sh keskkonnaauditeerimine, kemikaaliohutus, riskianal\u00fc\u00fcs, juhtimiskoolitused. 1993. aastast olen litsentseeritud keskkonnaekspert (litsents nr KMH0155) ning konsultandina on peamiseks suunaks t\u00f6\u00f6stusvaldkond.<\/p>\n<p>Alates 1996. aastast on ka kogemus ka ruumilise planeerimise keskkonnam\u00f5jude (sh riskide) hindamisega ja ligikaudu sel ajal algasid ka kemikaaliohutusega seotud t\u00f6\u00f6d. Pikaaegne kogemus on ka keskkonnaauditeerimisega ja t\u00f6\u00f6stusalade keskkonnaseisundi hindamistega. Suurema keskkonnam\u00f5jude ja riskidega objektidega on tihedam kokkupuude alates 1998. aastast, kui Eestis alustati saastuse kompleksse v\u00e4ltimise ja kontrolli direktiivi \u00fclev\u00f5tmise ettevalmistamist. Aastate jooksul olen koost\u00f6\u00f6d tehtud sadade ettev\u00f5tetega ja organisatsioonidega, sh rahvusvaheliselt. N\u00fc\u00fcdseks on osadest ettev\u00f5tetest kujunenud p\u00fcsivad koost\u00f6\u00f6partnerid, kelle arendustegevusi konsulteerin.<\/p>\n<\/div><\/div><\/div><\/div><\/div>\n","protected":false},"excerpt":{"rendered":"","protected":false},"author":1,"featured_media":0,"parent":937,"menu_order":0,"comment_status":"closed","ping_status":"closed","template":"","meta":{"footnotes":""},"class_list":["post-975","page","type-page","status-publish","hentry"],"yoast_head":"<!-- This site is optimized with the Yoast SEO plugin v27.3 - https:\/\/yoast.com\/product\/yoast-seo-wordpress\/ -->\n<title>Juhan Ruut - Hendrikson DGE<\/title>\n<meta name=\"robots\" content=\"index, follow, max-snippet:-1, max-image-preview:large, max-video-preview:-1\" \/>\n<link rel=\"canonical\" href=\"https:\/\/dge.ee\/en\/our-people\/juhan-ruut\/\" \/>\n<meta property=\"og:locale\" content=\"en_US\" \/>\n<meta property=\"og:type\" content=\"article\" \/>\n<meta property=\"og:title\" content=\"Juhan Ruut - Hendrikson DGE\" \/>\n<meta property=\"og:url\" content=\"https:\/\/dge.ee\/en\/our-people\/juhan-ruut\/\" \/>\n<meta property=\"og:site_name\" content=\"Hendrikson DGE\" \/>\n<meta property=\"article:modified_time\" content=\"2024-02-09T09:10:48+00:00\" \/>\n<meta name=\"twitter:card\" content=\"summary_large_image\" \/>\n<meta name=\"twitter:label1\" content=\"Est. reading time\" \/>\n\t<meta name=\"twitter:data1\" content=\"4 minutes\" \/>\n<script type=\"application\/ld+json\" class=\"yoast-schema-graph\">{\"@context\":\"https:\\\/\\\/schema.org\",\"@graph\":[{\"@type\":\"WebPage\",\"@id\":\"https:\\\/\\\/dge.ee\\\/en\\\/our-people\\\/juhan-ruut\\\/\",\"url\":\"https:\\\/\\\/dge.ee\\\/en\\\/our-people\\\/juhan-ruut\\\/\",\"name\":\"Juhan Ruut - Hendrikson DGE\",\"isPartOf\":{\"@id\":\"https:\\\/\\\/dge.ee\\\/#website\"},\"datePublished\":\"2023-09-19T10:30:48+00:00\",\"dateModified\":\"2024-02-09T09:10:48+00:00\",\"breadcrumb\":{\"@id\":\"https:\\\/\\\/dge.ee\\\/en\\\/our-people\\\/juhan-ruut\\\/#breadcrumb\"},\"inLanguage\":\"en-US\",\"potentialAction\":[{\"@type\":\"ReadAction\",\"target\":[\"https:\\\/\\\/dge.ee\\\/en\\\/our-people\\\/juhan-ruut\\\/\"]}]},{\"@type\":\"BreadcrumbList\",\"@id\":\"https:\\\/\\\/dge.ee\\\/en\\\/our-people\\\/juhan-ruut\\\/#breadcrumb\",\"itemListElement\":[{\"@type\":\"ListItem\",\"position\":1,\"name\":\"Home\",\"item\":\"https:\\\/\\\/dge.ee\\\/en\\\/\"},{\"@type\":\"ListItem\",\"position\":2,\"name\":\"Our people\",\"item\":\"https:\\\/\\\/dge.ee\\\/en\\\/our-people\\\/\"},{\"@type\":\"ListItem\",\"position\":3,\"name\":\"Juhan Ruut\"}]},{\"@type\":\"WebSite\",\"@id\":\"https:\\\/\\\/dge.ee\\\/#website\",\"url\":\"https:\\\/\\\/dge.ee\\\/\",\"name\":\"Hendrikson DGE\",\"description\":\"Hendrikson DGE\",\"publisher\":{\"@id\":\"https:\\\/\\\/dge.ee\\\/#organization\"},\"potentialAction\":[{\"@type\":\"SearchAction\",\"target\":{\"@type\":\"EntryPoint\",\"urlTemplate\":\"https:\\\/\\\/dge.ee\\\/?s={search_term_string}\"},\"query-input\":{\"@type\":\"PropertyValueSpecification\",\"valueRequired\":true,\"valueName\":\"search_term_string\"}}],\"inLanguage\":\"en-US\"},{\"@type\":\"Organization\",\"@id\":\"https:\\\/\\\/dge.ee\\\/#organization\",\"name\":\"Hendrikson & Ko O\u00dc\",\"url\":\"https:\\\/\\\/dge.ee\\\/\",\"logo\":{\"@type\":\"ImageObject\",\"inLanguage\":\"en-US\",\"@id\":\"https:\\\/\\\/dge.ee\\\/#\\\/schema\\\/logo\\\/image\\\/\",\"url\":\"https:\\\/\\\/dge.ee\\\/wp-content\\\/uploads\\\/2023\\\/09\\\/HDGE-LOGO-480.png\",\"contentUrl\":\"https:\\\/\\\/dge.ee\\\/wp-content\\\/uploads\\\/2023\\\/09\\\/HDGE-LOGO-480.png\",\"width\":480,\"height\":110,\"caption\":\"Hendrikson & Ko O\u00dc\"},\"image\":{\"@id\":\"https:\\\/\\\/dge.ee\\\/#\\\/schema\\\/logo\\\/image\\\/\"}}]}<\/script>\n<!-- \/ Yoast SEO plugin. -->","yoast_head_json":{"title":"Juhan Ruut - Hendrikson DGE","robots":{"index":"index","follow":"follow","max-snippet":"max-snippet:-1","max-image-preview":"max-image-preview:large","max-video-preview":"max-video-preview:-1"},"canonical":"https:\/\/dge.ee\/en\/our-people\/juhan-ruut\/","og_locale":"en_US","og_type":"article","og_title":"Juhan Ruut - Hendrikson DGE","og_url":"https:\/\/dge.ee\/en\/our-people\/juhan-ruut\/","og_site_name":"Hendrikson DGE","article_modified_time":"2024-02-09T09:10:48+00:00","twitter_card":"summary_large_image","twitter_misc":{"Est. reading time":"4 minutes"},"schema":{"@context":"https:\/\/schema.org","@graph":[{"@type":"WebPage","@id":"https:\/\/dge.ee\/en\/our-people\/juhan-ruut\/","url":"https:\/\/dge.ee\/en\/our-people\/juhan-ruut\/","name":"Juhan Ruut - Hendrikson DGE","isPartOf":{"@id":"https:\/\/dge.ee\/#website"},"datePublished":"2023-09-19T10:30:48+00:00","dateModified":"2024-02-09T09:10:48+00:00","breadcrumb":{"@id":"https:\/\/dge.ee\/en\/our-people\/juhan-ruut\/#breadcrumb"},"inLanguage":"en-US","potentialAction":[{"@type":"ReadAction","target":["https:\/\/dge.ee\/en\/our-people\/juhan-ruut\/"]}]},{"@type":"BreadcrumbList","@id":"https:\/\/dge.ee\/en\/our-people\/juhan-ruut\/#breadcrumb","itemListElement":[{"@type":"ListItem","position":1,"name":"Home","item":"https:\/\/dge.ee\/en\/"},{"@type":"ListItem","position":2,"name":"Our people","item":"https:\/\/dge.ee\/en\/our-people\/"},{"@type":"ListItem","position":3,"name":"Juhan Ruut"}]},{"@type":"WebSite","@id":"https:\/\/dge.ee\/#website","url":"https:\/\/dge.ee\/","name":"Hendrikson DGE","description":"Hendrikson DGE","publisher":{"@id":"https:\/\/dge.ee\/#organization"},"potentialAction":[{"@type":"SearchAction","target":{"@type":"EntryPoint","urlTemplate":"https:\/\/dge.ee\/?s={search_term_string}"},"query-input":{"@type":"PropertyValueSpecification","valueRequired":true,"valueName":"search_term_string"}}],"inLanguage":"en-US"},{"@type":"Organization","@id":"https:\/\/dge.ee\/#organization","name":"Hendrikson & Ko O\u00dc","url":"https:\/\/dge.ee\/","logo":{"@type":"ImageObject","inLanguage":"en-US","@id":"https:\/\/dge.ee\/#\/schema\/logo\/image\/","url":"https:\/\/dge.ee\/wp-content\/uploads\/2023\/09\/HDGE-LOGO-480.png","contentUrl":"https:\/\/dge.ee\/wp-content\/uploads\/2023\/09\/HDGE-LOGO-480.png","width":480,"height":110,"caption":"Hendrikson & Ko O\u00dc"},"image":{"@id":"https:\/\/dge.ee\/#\/schema\/logo\/image\/"}}]}},"_links":{"self":[{"href":"https:\/\/dge.ee\/en\/wp-json\/wp\/v2\/pages\/975","targetHints":{"allow":["GET"]}}],"collection":[{"href":"https:\/\/dge.ee\/en\/wp-json\/wp\/v2\/pages"}],"about":[{"href":"https:\/\/dge.ee\/en\/wp-json\/wp\/v2\/types\/page"}],"author":[{"embeddable":true,"href":"https:\/\/dge.ee\/en\/wp-json\/wp\/v2\/users\/1"}],"replies":[{"embeddable":true,"href":"https:\/\/dge.ee\/en\/wp-json\/wp\/v2\/comments?post=975"}],"version-history":[{"count":5,"href":"https:\/\/dge.ee\/en\/wp-json\/wp\/v2\/pages\/975\/revisions"}],"predecessor-version":[{"id":1974,"href":"https:\/\/dge.ee\/en\/wp-json\/wp\/v2\/pages\/975\/revisions\/1974"}],"up":[{"embeddable":true,"href":"https:\/\/dge.ee\/en\/wp-json\/wp\/v2\/pages\/937"}],"wp:attachment":[{"href":"https:\/\/dge.ee\/en\/wp-json\/wp\/v2\/media?parent=975"}],"curies":[{"name":"wp","href":"https:\/\/api.w.org\/{rel}","templated":true}]}}